{"id":12,"date":"2023-09-18T06:54:58","date_gmt":"2023-09-18T06:54:58","guid":{"rendered":"https:\/\/huno-carpinteria.com\/?page_id=12"},"modified":"2025-11-15T14:56:53","modified_gmt":"2025-11-15T14:56:53","slug":"contact","status":"publish","type":"page","link":"https:\/\/huno-carpinteria.com\/?page_id=12","title":{"rendered":"Contacto"},"content":{"rendered":"\n<div class=\"wp-block-columns is-layout-flex wp-container-core-columns-is-layout-9d6595d7 wp-block-columns-is-layout-flex\">\n<div class=\"wp-block-column is-layout-flow wp-block-column-is-layout-flow\">\n<div class=\"wp-block-columns is-layout-flex wp-container-core-columns-is-layout-9d6595d7 wp-block-columns-is-layout-flex\">\n<div class=\"wp-block-column is-layout-flow wp-block-column-is-layout-flow\">\n<div class=\"wp-block-columns is-layout-flex wp-container-core-columns-is-layout-9d6595d7 wp-block-columns-is-layout-flex\">\n<div class=\"wp-block-column has-x-large-font-size is-layout-flow wp-block-column-is-layout-flow\"><\/div>\n<\/div>\n\n\n\n<div class=\"wp-block-columns is-layout-flex wp-container-core-columns-is-layout-9d6595d7 wp-block-columns-is-layout-flex\">\n<div class=\"wp-block-column is-layout-flow wp-block-column-is-layout-flow\" style=\"flex-basis:100%\"><\/div>\n<\/div>\n\n\n\n<div id=\"wp-block-themeisle-blocks-advanced-columns-b4c18e12\" class=\"wp-block-themeisle-blocks-advanced-columns alignfull has-1-columns has-desktop-equal-layout has-tablet-equal-layout has-mobile-equal-layout has-vertical-unset\"><div class=\"wp-block-themeisle-blocks-advanced-columns-overlay\"><\/div><div class=\"innerblocks-wrap\">\n<div id=\"wp-block-themeisle-blocks-advanced-column-cef12066\" class=\"wp-block-themeisle-blocks-advanced-column has-dark-bg\">\n<p id=\"wp-block-themeisle-blocks-advanced-heading-6b0e9002\" class=\"wp-block-themeisle-blocks-advanced-heading wp-block-themeisle-blocks-advanced-heading-6b0e9002\">Consulta sin compromiso<\/p>\n\n\n\n<h2 class=\"wp-block-heading has-text-align-center has-nv-text-dark-bg-color has-text-color\" style=\"font-size:49px;font-style:normal;font-weight:700\">Contacta con nosotros<\/h2>\n\n\n\n<div class=\"wp-block-columns is-layout-flex wp-container-core-columns-is-layout-9d6595d7 wp-block-columns-is-layout-flex\">\n<div class=\"wp-block-column is-layout-flow wp-block-column-is-layout-flow\">\n<div id=\"wp-block-themeisle-blocks-font-awesome-icons-1a49ebf6\" class=\"wp-block-themeisle-blocks-font-awesome-icons\"><span class=\"wp-block-themeisle-blocks-font-awesome-icons-container\"><i class=\"fas fa-phone-alt\"><\/i><\/span><\/div>\n\n\n\n<p class=\"has-text-align-center has-medium-font-size\">Presupuestos: 606 115 993 <br>Gerencia: 685 463 921 <\/p>\n\n\n\n<div id=\"wp-block-themeisle-blocks-font-awesome-icons-f5752847\" class=\"wp-block-themeisle-blocks-font-awesome-icons\"><span class=\"wp-block-themeisle-blocks-font-awesome-icons-container\"><i class=\"fas fa-map-marker-alt\"><\/i><\/span><\/div>\n\n\n\n<p class=\"has-text-align-center has-medium-font-size\">Pol. Ind La Foia <br>C\/ Proyecto, 5-9 Nave 4 <br>Quartell (Valencia)<\/p>\n<\/div>\n\n\n\n<div class=\"wp-block-column is-layout-flow wp-block-column-is-layout-flow\">\n<div id=\"wp-block-themeisle-blocks-font-awesome-icons-c53e32cb\" class=\"wp-block-themeisle-blocks-font-awesome-icons\"><span class=\"wp-block-themeisle-blocks-font-awesome-icons-container\"><i class=\"fas fa-envelope\"><\/i><\/span><\/div>\n\n\n\n<p class=\"has-text-align-center has-medium-font-size\">hunocarpinteria@gmail.com<\/p>\n\n\n\n<p class=\"has-text-align-center has-nv-dark-bg-color has-text-color has-link-color wp-elements-571580a46c85a2ee072878fb17a7a942\" style=\"font-size:3px\">.<\/p>\n\n\n\n<div id=\"wp-block-themeisle-blocks-font-awesome-icons-78312f1a\" class=\"wp-block-themeisle-blocks-font-awesome-icons\"><span class=\"wp-block-themeisle-blocks-font-awesome-icons-container\"><i class=\"fas fa-clock\"><\/i><\/span><\/div>\n\n\n\n<p class=\"has-text-align-center\" style=\"font-size:20px\">Lunes &#8211; Viernes<br>08:00 &#8211; 15:00<\/p>\n<\/div>\n<\/div>\n<\/div>\n<\/div><\/div>\n<\/div>\n<\/div>\n<\/div>\n<\/div>\n\n\n\n<p><\/p>\n","protected":false},"excerpt":{"rendered":"","protected":false},"author":1,"featured_media":0,"parent":0,"menu_order":0,"comment_status":"closed","ping_status":"closed","template":"","meta":{"neve_meta_sidebar":"","neve_meta_container":"","neve_meta_enable_content_width":"on","neve_meta_content_width":100,"neve_meta_title_alignment":"","neve_meta_author_avatar":"","neve_post_elements_order":"","neve_meta_disable_header":"","neve_meta_disable_footer":"","neve_meta_disable_title":"on","_themeisle_gutenberg_block_has_review":false,"_ti_tpc_template_sync":false,"_ti_tpc_template_id":"","footnotes":""},"class_list":["post-12","page","type-page","status-publish","hentry"],"yoast_head":"<!-- This site is optimized with the Yoast SEO plugin v21.2 - https:\/\/yoast.com\/wordpress\/plugins\/seo\/ -->\n<title>Contacto -<\/title>\n<meta name=\"robots\" content=\"index, follow, max-snippet:-1, max-image-preview:large, max-video-preview:-1\" \/>\n<link rel=\"canonical\" href=\"https:\/\/huno-carpinteria.com\/?page_id=12\" \/>\n<meta property=\"og:locale\" content=\"es_ES\" \/>\n<meta property=\"og:type\" content=\"article\" \/>\n<meta property=\"og:title\" content=\"Contacto -\" \/>\n<meta property=\"og:url\" content=\"https:\/\/huno-carpinteria.com\/?page_id=12\" \/>\n<meta property=\"article:modified_time\" content=\"2025-11-15T14:56:53+00:00\" \/>\n<meta name=\"twitter:card\" content=\"summary_large_image\" \/>\n<meta name=\"twitter:label1\" content=\"Tiempo de lectura\" \/>\n\t<meta name=\"twitter:data1\" content=\"1 minuto\" \/>\n<script type=\"application\/ld+json\" class=\"yoast-schema-graph\">{\"@context\":\"https:\/\/schema.org\",\"@graph\":[{\"@type\":\"WebPage\",\"@id\":\"https:\/\/huno-carpinteria.com\/?page_id=12\",\"url\":\"https:\/\/huno-carpinteria.com\/?page_id=12\",\"name\":\"Contacto -\",\"isPartOf\":{\"@id\":\"https:\/\/huno-carpinteria.com\/?page_id=487&lang=en\/#website\"},\"datePublished\":\"2023-09-18T06:54:58+00:00\",\"dateModified\":\"2025-11-15T14:56:53+00:00\",\"breadcrumb\":{\"@id\":\"https:\/\/huno-carpinteria.com\/?page_id=12#breadcrumb\"},\"inLanguage\":\"es\",\"potentialAction\":[{\"@type\":\"ReadAction\",\"target\":[\"https:\/\/huno-carpinteria.com\/?page_id=12\"]}]},{\"@type\":\"BreadcrumbList\",\"@id\":\"https:\/\/huno-carpinteria.com\/?page_id=12#breadcrumb\",\"itemListElement\":[{\"@type\":\"ListItem\",\"position\":1,\"name\":\"Portada\",\"item\":\"https:\/\/huno-carpinteria.com\/\"},{\"@type\":\"ListItem\",\"position\":2,\"name\":\"Contacto\"}]},{\"@type\":\"WebSite\",\"@id\":\"https:\/\/huno-carpinteria.com\/?page_id=487&lang=en\/#website\",\"url\":\"https:\/\/huno-carpinteria.com\/?page_id=487&lang=en\/\",\"name\":\"Huno Carpinter\u00eda\",\"description\":\"Carpinter\u00eda Met\u00e1lica Huno\",\"publisher\":{\"@id\":\"https:\/\/huno-carpinteria.com\/?page_id=487&lang=en\/#organization\"},\"potentialAction\":[{\"@type\":\"SearchAction\",\"target\":{\"@type\":\"EntryPoint\",\"urlTemplate\":\"https:\/\/huno-carpinteria.com\/?page_id=487&lang=en\/?s={search_term_string}\"},\"query-input\":\"required name=search_term_string\"}],\"inLanguage\":\"es\"},{\"@type\":\"Organization\",\"@id\":\"https:\/\/huno-carpinteria.com\/?page_id=487&lang=en\/#organization\",\"name\":\"Huno Carpinter\u00eda\",\"url\":\"https:\/\/huno-carpinteria.com\/?page_id=487&lang=en\/\",\"logo\":{\"@type\":\"ImageObject\",\"inLanguage\":\"es\",\"@id\":\"https:\/\/huno-carpinteria.com\/?page_id=487&lang=en\/#\/schema\/logo\/image\/\",\"url\":\"https:\/\/huno-carpinteria.com\/wp-content\/uploads\/2023\/09\/LOGO_TRANS.png\",\"contentUrl\":\"https:\/\/huno-carpinteria.com\/wp-content\/uploads\/2023\/09\/LOGO_TRANS.png\",\"width\":110,\"height\":70,\"caption\":\"Huno Carpinter\u00eda\"},\"image\":{\"@id\":\"https:\/\/huno-carpinteria.com\/?page_id=487&lang=en\/#\/schema\/logo\/image\/\"}}]}<\/script>\n<!-- \/ Yoast SEO plugin. -->","yoast_head_json":{"title":"Contacto -","robots":{"index":"index","follow":"follow","max-snippet":"max-snippet:-1","max-image-preview":"max-image-preview:large","max-video-preview":"max-video-preview:-1"},"canonical":"https:\/\/huno-carpinteria.com\/?page_id=12","og_locale":"es_ES","og_type":"article","og_title":"Contacto -","og_url":"https:\/\/huno-carpinteria.com\/?page_id=12","article_modified_time":"2025-11-15T14:56:53+00:00","twitter_card":"summary_large_image","twitter_misc":{"Tiempo de lectura":"1 minuto"},"schema":{"@context":"https:\/\/schema.org","@graph":[{"@type":"WebPage","@id":"https:\/\/huno-carpinteria.com\/?page_id=12","url":"https:\/\/huno-carpinteria.com\/?page_id=12","name":"Contacto -","isPartOf":{"@id":"https:\/\/huno-carpinteria.com\/?page_id=487&lang=en\/#website"},"datePublished":"2023-09-18T06:54:58+00:00","dateModified":"2025-11-15T14:56:53+00:00","breadcrumb":{"@id":"https:\/\/huno-carpinteria.com\/?page_id=12#breadcrumb"},"inLanguage":"es","potentialAction":[{"@type":"ReadAction","target":["https:\/\/huno-carpinteria.com\/?page_id=12"]}]},{"@type":"BreadcrumbList","@id":"https:\/\/huno-carpinteria.com\/?page_id=12#breadcrumb","itemListElement":[{"@type":"ListItem","position":1,"name":"Portada","item":"https:\/\/huno-carpinteria.com\/"},{"@type":"ListItem","position":2,"name":"Contacto"}]},{"@type":"WebSite","@id":"https:\/\/huno-carpinteria.com\/?page_id=487&lang=en\/#website","url":"https:\/\/huno-carpinteria.com\/?page_id=487&lang=en\/","name":"Huno Carpinter\u00eda","description":"Carpinter\u00eda Met\u00e1lica Huno","publisher":{"@id":"https:\/\/huno-carpinteria.com\/?page_id=487&lang=en\/#organization"},"potentialAction":[{"@type":"SearchAction","target":{"@type":"EntryPoint","urlTemplate":"https:\/\/huno-carpinteria.com\/?page_id=487&lang=en\/?s={search_term_string}"},"query-input":"required name=search_term_string"}],"inLanguage":"es"},{"@type":"Organization","@id":"https:\/\/huno-carpinteria.com\/?page_id=487&lang=en\/#organization","name":"Huno Carpinter\u00eda","url":"https:\/\/huno-carpinteria.com\/?page_id=487&lang=en\/","logo":{"@type":"ImageObject","inLanguage":"es","@id":"https:\/\/huno-carpinteria.com\/?page_id=487&lang=en\/#\/schema\/logo\/image\/","url":"https:\/\/huno-carpinteria.com\/wp-content\/uploads\/2023\/09\/LOGO_TRANS.png","contentUrl":"https:\/\/huno-carpinteria.com\/wp-content\/uploads\/2023\/09\/LOGO_TRANS.png","width":110,"height":70,"caption":"Huno Carpinter\u00eda"},"image":{"@id":"https:\/\/huno-carpinteria.com\/?page_id=487&lang=en\/#\/schema\/logo\/image\/"}}]}},"_links":{"self":[{"href":"https:\/\/huno-carpinteria.com\/index.php?rest_route=\/wp\/v2\/pages\/12","targetHints":{"allow":["GET"]}}],"collection":[{"href":"https:\/\/huno-carpinteria.com\/index.php?rest_route=\/wp\/v2\/pages"}],"about":[{"href":"https:\/\/huno-carpinteria.com\/index.php?rest_route=\/wp\/v2\/types\/page"}],"author":[{"embeddable":true,"href":"https:\/\/huno-carpinteria.com\/index.php?rest_route=\/wp\/v2\/users\/1"}],"replies":[{"embeddable":true,"href":"https:\/\/huno-carpinteria.com\/index.php?rest_route=%2Fwp%2Fv2%2Fcomments&post=12"}],"version-history":[{"count":68,"href":"https:\/\/huno-carpinteria.com\/index.php?rest_route=\/wp\/v2\/pages\/12\/revisions"}],"predecessor-version":[{"id":1072,"href":"https:\/\/huno-carpinteria.com\/index.php?rest_route=\/wp\/v2\/pages\/12\/revisions\/1072"}],"wp:attachment":[{"href":"https:\/\/huno-carpinteria.com\/index.php?rest_route=%2Fwp%2Fv2%2Fmedia&parent=12"}],"curies":[{"name":"wp","href":"https:\/\/api.w.org\/{rel}","templated":true}]}}