{"id":11,"date":"2023-09-18T06:54:58","date_gmt":"2023-09-18T06:54:58","guid":{"rendered":"https:\/\/huno-carpinteria.com\/?page_id=11"},"modified":"2025-11-14T12:18:39","modified_gmt":"2025-11-14T12:18:39","slug":"acerca-de","status":"publish","type":"page","link":"https:\/\/huno-carpinteria.com\/?page_id=11","title":{"rendered":"Nosotros"},"content":{"rendered":"\n<h1 class=\"wp-block-heading has-text-align-left has-neve-text-color-color has-text-color\">Sobre Nosotros<\/h1>\n\n\n\n<p style=\"font-size:60px\"><strong>Sobre Nosotros<\/strong><\/p>\n\n\n\n<div class=\"wp-block-cover alignfull\" style=\"min-height:490px;aspect-ratio:unset;\"><span aria-hidden=\"true\" class=\"wp-block-cover__background has-nv-light-bg-background-color has-background-dim-100 has-background-dim\"><\/span><div class=\"wp-block-cover__inner-container is-layout-flow wp-block-cover-is-layout-flow\">\n<div class=\"wp-block-group\"><div class=\"wp-block-group__inner-container is-layout-flow wp-block-group-is-layout-flow\">\n<div class=\"wp-block-columns are-vertically-aligned-center is-layout-flex wp-container-core-columns-is-layout-9d6595d7 wp-block-columns-is-layout-flex\">\n<div class=\"wp-block-column is-vertically-aligned-center is-layout-flow wp-block-column-is-layout-flow\" style=\"flex-basis:50%\">\n<figure class=\"wp-block-image size-large\"><img loading=\"lazy\" decoding=\"async\" width=\"1024\" height=\"683\" src=\"https:\/\/huno-carpinteria.com\/wp-content\/uploads\/2025\/11\/CUBO-CERCA-1024x683.png\" alt=\"\" class=\"wp-image-553\" srcset=\"https:\/\/huno-carpinteria.com\/wp-content\/uploads\/2025\/11\/CUBO-CERCA-1024x683.png 1024w, https:\/\/huno-carpinteria.com\/wp-content\/uploads\/2025\/11\/CUBO-CERCA-300x200.png 300w, https:\/\/huno-carpinteria.com\/wp-content\/uploads\/2025\/11\/CUBO-CERCA-768x512.png 768w, https:\/\/huno-carpinteria.com\/wp-content\/uploads\/2025\/11\/CUBO-CERCA-930x620.png 930w, https:\/\/huno-carpinteria.com\/wp-content\/uploads\/2025\/11\/CUBO-CERCA.png 1350w\" sizes=\"auto, (max-width: 1024px) 100vw, 1024px\" \/><\/figure>\n<\/div>\n\n\n\n<div class=\"wp-block-column is-vertically-aligned-center is-layout-flow wp-block-column-is-layout-flow\" style=\"flex-basis:50%\">\n<h2 class=\"wp-block-heading has-neve-text-color-color has-text-color\" style=\"font-size:30px;text-decoration:underline\">Nuestra Historia<\/h2>\n\n\n\n<p class=\"has-neve-text-color-color has-text-color\" style=\"font-size:20px\">Somos <strong>Huno Carpinter\u00eda<\/strong> <strong>S.L<\/strong>, una empresa PYME con una amplia experiencia en el campo de la carpinter\u00eda met\u00e1lica.<\/p>\n\n\n\n<p class=\"has-nv-dark-bg-color has-text-color has-link-color wp-elements-ec4c0ca91a980bd0605e60532c3986e5\" style=\"font-size:20px\">Desde hace m\u00e1s de<strong> veinticinco a\u00f1os<\/strong> estamos al servicio de nuestros clientes ofreciendo productos de <strong>calidad<\/strong>, con soluciones concretas y eficaces.<\/p>\n<\/div>\n<\/div>\n<\/div><\/div>\n<\/div><\/div>\n\n\n\n<div class=\"wp-block-cover alignfull is-light\" style=\"min-height:461px;aspect-ratio:unset;\"><span aria-hidden=\"true\" class=\"wp-block-cover__background has-background-dim-100 has-background-dim\" style=\"background-color:#d5d5d6\"><\/span><div class=\"wp-block-cover__inner-container is-layout-flow wp-block-cover-is-layout-flow\">\n<div class=\"wp-block-group\"><div class=\"wp-block-group__inner-container is-layout-flow wp-block-group-is-layout-flow\">\n<div class=\"wp-block-columns are-vertically-aligned-center is-layout-flex wp-container-core-columns-is-layout-9d6595d7 wp-block-columns-is-layout-flex\">\n<div class=\"wp-block-column is-vertically-aligned-center is-layout-flow wp-block-column-is-layout-flow\" style=\"flex-basis:50%\">\n<p><\/p>\n\n\n\n<h1 class=\"wp-block-heading has-nv-dark-bg-color has-text-color\" style=\"font-size:30px;text-decoration:underline\">Nuestros Valores<\/h1>\n\n\n\n<p style=\"font-size:20px\">Cumplir con nuestros <strong>est\u00e1ndares de calidad<\/strong> es nuestro principal fin.<\/p>\n\n\n\n<p class=\"has-nv-dark-bg-color has-text-color\" style=\"font-size:20px\"><strong>Esfuerzo, compromiso, profesionalidad, creatividad&#8230;<\/strong><\/p>\n\n\n\n<p class=\"has-nv-dark-bg-color has-text-color\" style=\"font-size:20px\">Son <strong>nuestras gu\u00edas<\/strong> para ofrecer lo mejor de nosotros en todos los proyectos en los que nos emprendemos. <\/p>\n\n\n\n<div style=\"height:11px\" aria-hidden=\"true\" class=\"wp-block-spacer\"><\/div>\n<\/div>\n\n\n\n<div class=\"wp-block-column is-vertically-aligned-center is-layout-flow wp-block-column-is-layout-flow\" style=\"flex-basis:50%\"><div class=\"wp-block-image\">\n<figure class=\"aligncenter size-large\"><img loading=\"lazy\" decoding=\"async\" width=\"1024\" height=\"683\" src=\"https:\/\/huno-carpinteria.com\/wp-content\/uploads\/2025\/11\/CRISTALERA-1024x683.png\" alt=\"\" class=\"wp-image-552\" srcset=\"https:\/\/huno-carpinteria.com\/wp-content\/uploads\/2025\/11\/CRISTALERA-1024x683.png 1024w, https:\/\/huno-carpinteria.com\/wp-content\/uploads\/2025\/11\/CRISTALERA-300x200.png 300w, https:\/\/huno-carpinteria.com\/wp-content\/uploads\/2025\/11\/CRISTALERA-768x512.png 768w, https:\/\/huno-carpinteria.com\/wp-content\/uploads\/2025\/11\/CRISTALERA-930x620.png 930w, https:\/\/huno-carpinteria.com\/wp-content\/uploads\/2025\/11\/CRISTALERA.png 1350w\" sizes=\"auto, (max-width: 1024px) 100vw, 1024px\" \/><\/figure>\n<\/div><\/div>\n<\/div>\n<\/div><\/div>\n<\/div><\/div>\n\n\n\n<div class=\"wp-block-cover alignfull\" style=\"min-height:616px;aspect-ratio:unset;\"><span aria-hidden=\"true\" class=\"wp-block-cover__background has-nv-light-bg-background-color has-background-dim-100 has-background-dim\"><\/span><div class=\"wp-block-cover__inner-container is-layout-flow wp-block-cover-is-layout-flow\">\n<div class=\"wp-block-group\"><div class=\"wp-block-group__inner-container is-layout-flow wp-block-group-is-layout-flow\">\n<div class=\"wp-block-columns are-vertically-aligned-center is-layout-flex wp-container-core-columns-is-layout-9d6595d7 wp-block-columns-is-layout-flex\">\n<div class=\"wp-block-column is-vertically-aligned-center is-layout-flow wp-block-column-is-layout-flow\" style=\"flex-basis:50%\">\n<figure class=\"wp-block-image size-full\"><img loading=\"lazy\" decoding=\"async\" width=\"896\" height=\"800\" src=\"https:\/\/huno-carpinteria.com\/wp-content\/uploads\/2025\/11\/BALCONERA-VICENTE-DETRAS-1-e1763120840702.jpg\" alt=\"\" class=\"wp-image-1043\" style=\"aspect-ratio:4\/3;object-fit:cover\" srcset=\"https:\/\/huno-carpinteria.com\/wp-content\/uploads\/2025\/11\/BALCONERA-VICENTE-DETRAS-1-e1763120840702.jpg 896w, https:\/\/huno-carpinteria.com\/wp-content\/uploads\/2025\/11\/BALCONERA-VICENTE-DETRAS-1-e1763120840702-300x268.jpg 300w, https:\/\/huno-carpinteria.com\/wp-content\/uploads\/2025\/11\/BALCONERA-VICENTE-DETRAS-1-e1763120840702-768x686.jpg 768w\" sizes=\"auto, (max-width: 896px) 100vw, 896px\" \/><\/figure>\n<\/div>\n\n\n\n<div class=\"wp-block-column is-vertically-aligned-center is-layout-flow wp-block-column-is-layout-flow\" style=\"flex-basis:60%\">\n<h2 class=\"wp-block-heading has-neve-text-color-color has-text-color\" style=\"font-size:30px;text-decoration:underline\">Nuestros Profesionales<\/h2>\n\n\n\n<p class=\"has-neve-text-color-color has-text-color\" style=\"font-size:20px\">Somos un gran equipo compuesto por <strong>dise\u00f1adores y artesanos<\/strong> expertos en el arte de la metalurgia.<\/p>\n\n\n\n<p class=\"has-nv-dark-bg-color has-text-color has-link-color wp-elements-e21ece967a4aae19a01442d47310d39e\" style=\"font-size:20px\">Todos compartimos un <strong>compromiso<\/strong> com\u00fan con la <strong>atenci\u00f3n al detalle<\/strong>, lo que nos permite ofrecer resultados excepcionales en cada trabajo. <\/p>\n<\/div>\n<\/div>\n<\/div><\/div>\n<\/div><\/div>\n\n\n\n<p><\/p>\n","protected":false},"excerpt":{"rendered":"<p>Sobre Nosotros Sobre Nosotros<\/p>\n","protected":false},"author":1,"featured_media":0,"parent":0,"menu_order":0,"comment_status":"closed","ping_status":"closed","template":"","meta":{"neve_meta_sidebar":"","neve_meta_container":"","neve_meta_enable_content_width":"on","neve_meta_content_width":100,"neve_meta_title_alignment":"","neve_meta_author_avatar":"","neve_post_elements_order":"","neve_meta_disable_header":"","neve_meta_disable_footer":"","neve_meta_disable_title":"on","_themeisle_gutenberg_block_has_review":false,"_ti_tpc_template_sync":false,"_ti_tpc_template_id":"","footnotes":""},"class_list":["post-11","page","type-page","status-publish","hentry"],"yoast_head":"<!-- This site is optimized with the Yoast SEO plugin v21.2 - https:\/\/yoast.com\/wordpress\/plugins\/seo\/ -->\n<title>Nosotros -<\/title>\n<meta name=\"robots\" content=\"index, follow, max-snippet:-1, max-image-preview:large, max-video-preview:-1\" \/>\n<link rel=\"canonical\" href=\"https:\/\/huno-carpinteria.com\/?page_id=11\" \/>\n<meta property=\"og:locale\" content=\"es_ES\" \/>\n<meta property=\"og:type\" content=\"article\" \/>\n<meta property=\"og:title\" content=\"Nosotros -\" \/>\n<meta property=\"og:description\" content=\"Sobre Nosotros Sobre Nosotros\" \/>\n<meta property=\"og:url\" content=\"https:\/\/huno-carpinteria.com\/?page_id=11\" \/>\n<meta property=\"article:modified_time\" content=\"2025-11-14T12:18:39+00:00\" \/>\n<meta property=\"og:image\" content=\"https:\/\/huno-carpinteria.com\/wp-content\/uploads\/2025\/11\/CUBO-CERCA-1024x683.png\" \/>\n<meta name=\"twitter:card\" content=\"summary_large_image\" \/>\n<meta name=\"twitter:label1\" content=\"Tiempo de lectura\" \/>\n\t<meta name=\"twitter:data1\" content=\"2 minutos\" \/>\n<script type=\"application\/ld+json\" class=\"yoast-schema-graph\">{\"@context\":\"https:\/\/schema.org\",\"@graph\":[{\"@type\":\"WebPage\",\"@id\":\"https:\/\/huno-carpinteria.com\/?page_id=11\",\"url\":\"https:\/\/huno-carpinteria.com\/?page_id=11\",\"name\":\"Nosotros -\",\"isPartOf\":{\"@id\":\"https:\/\/huno-carpinteria.com\/?page_id=487&lang=en\/#website\"},\"datePublished\":\"2023-09-18T06:54:58+00:00\",\"dateModified\":\"2025-11-14T12:18:39+00:00\",\"breadcrumb\":{\"@id\":\"https:\/\/huno-carpinteria.com\/?page_id=11#breadcrumb\"},\"inLanguage\":\"es\",\"potentialAction\":[{\"@type\":\"ReadAction\",\"target\":[\"https:\/\/huno-carpinteria.com\/?page_id=11\"]}]},{\"@type\":\"BreadcrumbList\",\"@id\":\"https:\/\/huno-carpinteria.com\/?page_id=11#breadcrumb\",\"itemListElement\":[{\"@type\":\"ListItem\",\"position\":1,\"name\":\"Portada\",\"item\":\"https:\/\/huno-carpinteria.com\/\"},{\"@type\":\"ListItem\",\"position\":2,\"name\":\"Nosotros\"}]},{\"@type\":\"WebSite\",\"@id\":\"https:\/\/huno-carpinteria.com\/?page_id=487&lang=en\/#website\",\"url\":\"https:\/\/huno-carpinteria.com\/?page_id=487&lang=en\/\",\"name\":\"Huno Carpinter\u00eda\",\"description\":\"Carpinter\u00eda Met\u00e1lica Huno\",\"publisher\":{\"@id\":\"https:\/\/huno-carpinteria.com\/?page_id=487&lang=en\/#organization\"},\"potentialAction\":[{\"@type\":\"SearchAction\",\"target\":{\"@type\":\"EntryPoint\",\"urlTemplate\":\"https:\/\/huno-carpinteria.com\/?page_id=487&lang=en\/?s={search_term_string}\"},\"query-input\":\"required name=search_term_string\"}],\"inLanguage\":\"es\"},{\"@type\":\"Organization\",\"@id\":\"https:\/\/huno-carpinteria.com\/?page_id=487&lang=en\/#organization\",\"name\":\"Huno Carpinter\u00eda\",\"url\":\"https:\/\/huno-carpinteria.com\/?page_id=487&lang=en\/\",\"logo\":{\"@type\":\"ImageObject\",\"inLanguage\":\"es\",\"@id\":\"https:\/\/huno-carpinteria.com\/?page_id=487&lang=en\/#\/schema\/logo\/image\/\",\"url\":\"https:\/\/huno-carpinteria.com\/wp-content\/uploads\/2023\/09\/LOGO_TRANS.png\",\"contentUrl\":\"https:\/\/huno-carpinteria.com\/wp-content\/uploads\/2023\/09\/LOGO_TRANS.png\",\"width\":110,\"height\":70,\"caption\":\"Huno Carpinter\u00eda\"},\"image\":{\"@id\":\"https:\/\/huno-carpinteria.com\/?page_id=487&lang=en\/#\/schema\/logo\/image\/\"}}]}<\/script>\n<!-- \/ Yoast SEO plugin. -->","yoast_head_json":{"title":"Nosotros -","robots":{"index":"index","follow":"follow","max-snippet":"max-snippet:-1","max-image-preview":"max-image-preview:large","max-video-preview":"max-video-preview:-1"},"canonical":"https:\/\/huno-carpinteria.com\/?page_id=11","og_locale":"es_ES","og_type":"article","og_title":"Nosotros -","og_description":"Sobre Nosotros Sobre Nosotros","og_url":"https:\/\/huno-carpinteria.com\/?page_id=11","article_modified_time":"2025-11-14T12:18:39+00:00","og_image":[{"url":"https:\/\/huno-carpinteria.com\/wp-content\/uploads\/2025\/11\/CUBO-CERCA-1024x683.png"}],"twitter_card":"summary_large_image","twitter_misc":{"Tiempo de lectura":"2 minutos"},"schema":{"@context":"https:\/\/schema.org","@graph":[{"@type":"WebPage","@id":"https:\/\/huno-carpinteria.com\/?page_id=11","url":"https:\/\/huno-carpinteria.com\/?page_id=11","name":"Nosotros -","isPartOf":{"@id":"https:\/\/huno-carpinteria.com\/?page_id=487&lang=en\/#website"},"datePublished":"2023-09-18T06:54:58+00:00","dateModified":"2025-11-14T12:18:39+00:00","breadcrumb":{"@id":"https:\/\/huno-carpinteria.com\/?page_id=11#breadcrumb"},"inLanguage":"es","potentialAction":[{"@type":"ReadAction","target":["https:\/\/huno-carpinteria.com\/?page_id=11"]}]},{"@type":"BreadcrumbList","@id":"https:\/\/huno-carpinteria.com\/?page_id=11#breadcrumb","itemListElement":[{"@type":"ListItem","position":1,"name":"Portada","item":"https:\/\/huno-carpinteria.com\/"},{"@type":"ListItem","position":2,"name":"Nosotros"}]},{"@type":"WebSite","@id":"https:\/\/huno-carpinteria.com\/?page_id=487&lang=en\/#website","url":"https:\/\/huno-carpinteria.com\/?page_id=487&lang=en\/","name":"Huno Carpinter\u00eda","description":"Carpinter\u00eda Met\u00e1lica Huno","publisher":{"@id":"https:\/\/huno-carpinteria.com\/?page_id=487&lang=en\/#organization"},"potentialAction":[{"@type":"SearchAction","target":{"@type":"EntryPoint","urlTemplate":"https:\/\/huno-carpinteria.com\/?page_id=487&lang=en\/?s={search_term_string}"},"query-input":"required name=search_term_string"}],"inLanguage":"es"},{"@type":"Organization","@id":"https:\/\/huno-carpinteria.com\/?page_id=487&lang=en\/#organization","name":"Huno Carpinter\u00eda","url":"https:\/\/huno-carpinteria.com\/?page_id=487&lang=en\/","logo":{"@type":"ImageObject","inLanguage":"es","@id":"https:\/\/huno-carpinteria.com\/?page_id=487&lang=en\/#\/schema\/logo\/image\/","url":"https:\/\/huno-carpinteria.com\/wp-content\/uploads\/2023\/09\/LOGO_TRANS.png","contentUrl":"https:\/\/huno-carpinteria.com\/wp-content\/uploads\/2023\/09\/LOGO_TRANS.png","width":110,"height":70,"caption":"Huno Carpinter\u00eda"},"image":{"@id":"https:\/\/huno-carpinteria.com\/?page_id=487&lang=en\/#\/schema\/logo\/image\/"}}]}},"_links":{"self":[{"href":"https:\/\/huno-carpinteria.com\/index.php?rest_route=\/wp\/v2\/pages\/11","targetHints":{"allow":["GET"]}}],"collection":[{"href":"https:\/\/huno-carpinteria.com\/index.php?rest_route=\/wp\/v2\/pages"}],"about":[{"href":"https:\/\/huno-carpinteria.com\/index.php?rest_route=\/wp\/v2\/types\/page"}],"author":[{"embeddable":true,"href":"https:\/\/huno-carpinteria.com\/index.php?rest_route=\/wp\/v2\/users\/1"}],"replies":[{"embeddable":true,"href":"https:\/\/huno-carpinteria.com\/index.php?rest_route=%2Fwp%2Fv2%2Fcomments&post=11"}],"version-history":[{"count":30,"href":"https:\/\/huno-carpinteria.com\/index.php?rest_route=\/wp\/v2\/pages\/11\/revisions"}],"predecessor-version":[{"id":1067,"href":"https:\/\/huno-carpinteria.com\/index.php?rest_route=\/wp\/v2\/pages\/11\/revisions\/1067"}],"wp:attachment":[{"href":"https:\/\/huno-carpinteria.com\/index.php?rest_route=%2Fwp%2Fv2%2Fmedia&parent=11"}],"curies":[{"name":"wp","href":"https:\/\/api.w.org\/{rel}","templated":true}]}}