{"id":1093,"date":"2025-12-03T09:19:09","date_gmt":"2025-12-03T09:19:09","guid":{"rendered":"https:\/\/huno-carpinteria.com\/?page_id=1093"},"modified":"2025-12-15T07:41:52","modified_gmt":"2025-12-15T07:41:52","slug":"trabaja-con-nosotros","status":"publish","type":"page","link":"https:\/\/huno-carpinteria.com\/?page_id=1093","title":{"rendered":"Trabaja con nosotros"},"content":{"rendered":"\n<div id=\"wp-block-themeisle-blocks-advanced-columns-40db0924\" class=\"wp-block-themeisle-blocks-advanced-columns alignfull has-2-columns has-desktop-equal-layout has-tablet-equal-layout has-mobile-collapsedRows-layout has-vertical-unset ticss-c00aadba has-light-bg\"><div class=\"wp-block-themeisle-blocks-advanced-columns-overlay\"><\/div><div class=\"innerblocks-wrap\">\n<div id=\"wp-block-themeisle-blocks-advanced-column-006aede9\" class=\"wp-block-themeisle-blocks-advanced-column\">\n<h2 id=\"wp-block-themeisle-blocks-advanced-heading-8e35b90f\" class=\"wp-block-themeisle-blocks-advanced-heading wp-block-themeisle-blocks-advanced-heading-8e35b90f\">\u00bfQuieres formar parte de Huno?<\/h2>\n\n\n\n<p>Cu\u00e9ntanos qui\u00e9n eres y por qu\u00e9 te gustar\u00eda trabajar con nosotros. \u00a1Estaremos encantados de conocerte!  <\/p>\n\n\n\n<div id=\"wp-block-themeisle-blocks-icon-list-dfc1fb3a\" class=\"wp-block-themeisle-blocks-icon-list\">\n<div id=\"wp-block-themeisle-blocks-icon-list-item-e6a57e87\" class=\"wp-block-themeisle-blocks-icon-list-item\"><i class=\"fas fa-phone wp-block-themeisle-blocks-icon-list-item-icon\"><\/i><p class=\"wp-block-themeisle-blocks-icon-list-item-content\">685 463 921<\/p><\/div>\n\n\n\n<div id=\"wp-block-themeisle-blocks-icon-list-item-648b3a6e\" class=\"wp-block-themeisle-blocks-icon-list-item\"><i class=\"far fa-envelope wp-block-themeisle-blocks-icon-list-item-icon\"><\/i><p class=\"wp-block-themeisle-blocks-icon-list-item-content\">hunocarpinter\u00eda@gmail.com<\/p><\/div>\n\n\n\n<div id=\"wp-block-themeisle-blocks-icon-list-item-d4eec3f8\" class=\"wp-block-themeisle-blocks-icon-list-item\"><i class=\"fas fa-map-marker-alt wp-block-themeisle-blocks-icon-list-item-icon\"><\/i><p class=\"wp-block-themeisle-blocks-icon-list-item-content\">Pol. Ind La Foia C\/ Proyecto, 5-9 Nave 4 Quartell (Valencia)<\/p><\/div>\n<\/div>\n\n\n\n<div style=\"height:20px\" aria-hidden=\"true\" class=\"wp-block-spacer\"><\/div>\n\n\n\n<p>Resp. Tratamiento: HUNO CARPINTERIA, S.L. B40548919. Finalidad: Gesti\u00f3n y seguimiento de la solicitud de incorporaci\u00f3n a nuestra bolsa de empleo. Ejercicio de derechos: hunocarpinteria@gmail.com. M\u00e1s informaci\u00f3n: https:\/\/huno-carpinteria.com\/?page_id=980<\/p>\n<\/div>\n\n\n\n<div id=\"wp-block-themeisle-blocks-advanced-column-525e4f3e\" class=\"wp-block-themeisle-blocks-advanced-column\">\n<div class=\"wpcf7 no-js\" id=\"wpcf7-f1110-o1\" lang=\"es-ES\" dir=\"ltr\" data-wpcf7-id=\"1110\">\n<div class=\"screen-reader-response\"><p role=\"status\" aria-live=\"polite\" aria-atomic=\"true\"><\/p> <ul><\/ul><\/div>\n<form action=\"\/index.php?rest_route=%2Fwp%2Fv2%2Fpages%2F1093#wpcf7-f1110-o1\" method=\"post\" class=\"wpcf7-form init\" aria-label=\"Formulario de contacto\" enctype=\"multipart\/form-data\" novalidate=\"novalidate\" data-status=\"init\">\n<fieldset class=\"hidden-fields-container\"><input type=\"hidden\" name=\"_wpcf7\" value=\"1110\" \/><input type=\"hidden\" name=\"_wpcf7_version\" value=\"6.1.4\" \/><input type=\"hidden\" name=\"_wpcf7_locale\" value=\"es_ES\" \/><input type=\"hidden\" name=\"_wpcf7_unit_tag\" value=\"wpcf7-f1110-o1\" \/><input type=\"hidden\" name=\"_wpcf7_container_post\" value=\"0\" \/><input type=\"hidden\" name=\"_wpcf7_posted_data_hash\" value=\"\" \/>\n<\/fieldset>\n<p><label> Tu nombre<br \/>\n<span class=\"wpcf7-form-control-wrap\" data-name=\"your-name\"><input size=\"40\" maxlength=\"400\" class=\"wpcf7-form-control wpcf7-text wpcf7-validates-as-required\" autocomplete=\"name\" aria-required=\"true\" aria-invalid=\"false\" value=\"\" type=\"text\" name=\"your-name\" \/><\/span> <\/label>\n<\/p>\n<p><label> Tu correo electr\u00f3nico<br \/>\n<span class=\"wpcf7-form-control-wrap\" data-name=\"your-email\"><input size=\"40\" maxlength=\"400\" class=\"wpcf7-form-control wpcf7-email wpcf7-validates-as-required wpcf7-text wpcf7-validates-as-email\" autocomplete=\"email\" aria-required=\"true\" aria-invalid=\"false\" value=\"\" type=\"email\" name=\"your-email\" \/><\/span> <\/label>\n<\/p>\n<p><label> Tu mensaje (opcional)<br \/>\n<span class=\"wpcf7-form-control-wrap\" data-name=\"your-message\"><textarea cols=\"40\" rows=\"10\" maxlength=\"2000\" class=\"wpcf7-form-control wpcf7-textarea\" aria-invalid=\"false\" name=\"your-message\"><\/textarea><\/span> <\/label><br \/>\n<span class=\"wpcf7-form-control-wrap\" data-name=\"file-670\"><input size=\"40\" class=\"wpcf7-form-control wpcf7-file\" accept=\".pdf\" aria-invalid=\"false\" type=\"file\" name=\"file-670\" \/><\/span><br \/>\n<span class=\"wpcf7-form-control-wrap\" data-name=\"acceptance-12\"><span class=\"wpcf7-form-control wpcf7-acceptance\"><span class=\"wpcf7-list-item\"><label><input type=\"checkbox\" name=\"acceptance-12\" value=\"1\" aria-invalid=\"false\" \/><span class=\"wpcf7-list-item-label\">He le\u00eddo y acepto la pol\u00edtica de privacidad (puedes consultarla en https:\/\/huno-carpinteria.com\/?page_id=980)<\/span><\/label><\/span><\/span><\/span><br \/>\n<input class=\"wpcf7-form-control wpcf7-submit has-spinner\" type=\"submit\" value=\"Enviar\" \/>\n<\/p><div class=\"wpcf7-response-output\" aria-hidden=\"true\"><\/div>\n<\/form>\n<\/div>\n\n<\/div>\n<\/div><\/div>\n\n\n\n<p><\/p>\n","protected":false},"excerpt":{"rendered":"","protected":false},"author":1,"featured_media":0,"parent":0,"menu_order":0,"comment_status":"closed","ping_status":"closed","template":"","meta":{"neve_meta_sidebar":"","neve_meta_container":"","neve_meta_enable_content_width":"","neve_meta_content_width":0,"neve_meta_title_alignment":"","neve_meta_author_avatar":"","neve_post_elements_order":"","neve_meta_disable_header":"","neve_meta_disable_footer":"","neve_meta_disable_title":"","_themeisle_gutenberg_block_has_review":false,"_ti_tpc_template_sync":false,"_ti_tpc_template_id":"","footnotes":""},"class_list":["post-1093","page","type-page","status-publish","hentry"],"yoast_head":"<!-- This site is optimized with the Yoast SEO plugin v21.2 - https:\/\/yoast.com\/wordpress\/plugins\/seo\/ -->\n<title>Trabaja con nosotros -<\/title>\n<meta name=\"robots\" content=\"index, follow, max-snippet:-1, max-image-preview:large, max-video-preview:-1\" \/>\n<link rel=\"canonical\" href=\"https:\/\/huno-carpinteria.com\/?page_id=1093\" \/>\n<meta property=\"og:locale\" content=\"es_ES\" \/>\n<meta property=\"og:type\" content=\"article\" \/>\n<meta property=\"og:title\" content=\"Trabaja con nosotros -\" \/>\n<meta property=\"og:url\" content=\"https:\/\/huno-carpinteria.com\/?page_id=1093\" \/>\n<meta property=\"article:modified_time\" content=\"2025-12-15T07:41:52+00:00\" \/>\n<meta name=\"twitter:card\" content=\"summary_large_image\" \/>\n<meta name=\"twitter:label1\" content=\"Tiempo de lectura\" \/>\n\t<meta name=\"twitter:data1\" content=\"1 minuto\" \/>\n<script type=\"application\/ld+json\" class=\"yoast-schema-graph\">{\"@context\":\"https:\/\/schema.org\",\"@graph\":[{\"@type\":\"WebPage\",\"@id\":\"https:\/\/huno-carpinteria.com\/?page_id=1093\",\"url\":\"https:\/\/huno-carpinteria.com\/?page_id=1093\",\"name\":\"Trabaja con nosotros -\",\"isPartOf\":{\"@id\":\"https:\/\/huno-carpinteria.com\/?page_id=487&lang=en\/#website\"},\"datePublished\":\"2025-12-03T09:19:09+00:00\",\"dateModified\":\"2025-12-15T07:41:52+00:00\",\"breadcrumb\":{\"@id\":\"https:\/\/huno-carpinteria.com\/?page_id=1093#breadcrumb\"},\"inLanguage\":\"es\",\"potentialAction\":[{\"@type\":\"ReadAction\",\"target\":[\"https:\/\/huno-carpinteria.com\/?page_id=1093\"]}]},{\"@type\":\"BreadcrumbList\",\"@id\":\"https:\/\/huno-carpinteria.com\/?page_id=1093#breadcrumb\",\"itemListElement\":[{\"@type\":\"ListItem\",\"position\":1,\"name\":\"Portada\",\"item\":\"https:\/\/huno-carpinteria.com\/\"},{\"@type\":\"ListItem\",\"position\":2,\"name\":\"Trabaja con nosotros\"}]},{\"@type\":\"WebSite\",\"@id\":\"https:\/\/huno-carpinteria.com\/?page_id=487&lang=en\/#website\",\"url\":\"https:\/\/huno-carpinteria.com\/?page_id=487&lang=en\/\",\"name\":\"Huno Carpinter\u00eda\",\"description\":\"Carpinter\u00eda Met\u00e1lica Huno\",\"publisher\":{\"@id\":\"https:\/\/huno-carpinteria.com\/?page_id=487&lang=en\/#organization\"},\"potentialAction\":[{\"@type\":\"SearchAction\",\"target\":{\"@type\":\"EntryPoint\",\"urlTemplate\":\"https:\/\/huno-carpinteria.com\/?page_id=487&lang=en\/?s={search_term_string}\"},\"query-input\":\"required name=search_term_string\"}],\"inLanguage\":\"es\"},{\"@type\":\"Organization\",\"@id\":\"https:\/\/huno-carpinteria.com\/?page_id=487&lang=en\/#organization\",\"name\":\"Huno Carpinter\u00eda\",\"url\":\"https:\/\/huno-carpinteria.com\/?page_id=487&lang=en\/\",\"logo\":{\"@type\":\"ImageObject\",\"inLanguage\":\"es\",\"@id\":\"https:\/\/huno-carpinteria.com\/?page_id=487&lang=en\/#\/schema\/logo\/image\/\",\"url\":\"https:\/\/huno-carpinteria.com\/wp-content\/uploads\/2023\/09\/LOGO_TRANS.png\",\"contentUrl\":\"https:\/\/huno-carpinteria.com\/wp-content\/uploads\/2023\/09\/LOGO_TRANS.png\",\"width\":110,\"height\":70,\"caption\":\"Huno Carpinter\u00eda\"},\"image\":{\"@id\":\"https:\/\/huno-carpinteria.com\/?page_id=487&lang=en\/#\/schema\/logo\/image\/\"}}]}<\/script>\n<!-- \/ Yoast SEO plugin. -->","yoast_head_json":{"title":"Trabaja con nosotros -","robots":{"index":"index","follow":"follow","max-snippet":"max-snippet:-1","max-image-preview":"max-image-preview:large","max-video-preview":"max-video-preview:-1"},"canonical":"https:\/\/huno-carpinteria.com\/?page_id=1093","og_locale":"es_ES","og_type":"article","og_title":"Trabaja con nosotros -","og_url":"https:\/\/huno-carpinteria.com\/?page_id=1093","article_modified_time":"2025-12-15T07:41:52+00:00","twitter_card":"summary_large_image","twitter_misc":{"Tiempo de lectura":"1 minuto"},"schema":{"@context":"https:\/\/schema.org","@graph":[{"@type":"WebPage","@id":"https:\/\/huno-carpinteria.com\/?page_id=1093","url":"https:\/\/huno-carpinteria.com\/?page_id=1093","name":"Trabaja con nosotros -","isPartOf":{"@id":"https:\/\/huno-carpinteria.com\/?page_id=487&lang=en\/#website"},"datePublished":"2025-12-03T09:19:09+00:00","dateModified":"2025-12-15T07:41:52+00:00","breadcrumb":{"@id":"https:\/\/huno-carpinteria.com\/?page_id=1093#breadcrumb"},"inLanguage":"es","potentialAction":[{"@type":"ReadAction","target":["https:\/\/huno-carpinteria.com\/?page_id=1093"]}]},{"@type":"BreadcrumbList","@id":"https:\/\/huno-carpinteria.com\/?page_id=1093#breadcrumb","itemListElement":[{"@type":"ListItem","position":1,"name":"Portada","item":"https:\/\/huno-carpinteria.com\/"},{"@type":"ListItem","position":2,"name":"Trabaja con nosotros"}]},{"@type":"WebSite","@id":"https:\/\/huno-carpinteria.com\/?page_id=487&lang=en\/#website","url":"https:\/\/huno-carpinteria.com\/?page_id=487&lang=en\/","name":"Huno Carpinter\u00eda","description":"Carpinter\u00eda Met\u00e1lica Huno","publisher":{"@id":"https:\/\/huno-carpinteria.com\/?page_id=487&lang=en\/#organization"},"potentialAction":[{"@type":"SearchAction","target":{"@type":"EntryPoint","urlTemplate":"https:\/\/huno-carpinteria.com\/?page_id=487&lang=en\/?s={search_term_string}"},"query-input":"required name=search_term_string"}],"inLanguage":"es"},{"@type":"Organization","@id":"https:\/\/huno-carpinteria.com\/?page_id=487&lang=en\/#organization","name":"Huno Carpinter\u00eda","url":"https:\/\/huno-carpinteria.com\/?page_id=487&lang=en\/","logo":{"@type":"ImageObject","inLanguage":"es","@id":"https:\/\/huno-carpinteria.com\/?page_id=487&lang=en\/#\/schema\/logo\/image\/","url":"https:\/\/huno-carpinteria.com\/wp-content\/uploads\/2023\/09\/LOGO_TRANS.png","contentUrl":"https:\/\/huno-carpinteria.com\/wp-content\/uploads\/2023\/09\/LOGO_TRANS.png","width":110,"height":70,"caption":"Huno Carpinter\u00eda"},"image":{"@id":"https:\/\/huno-carpinteria.com\/?page_id=487&lang=en\/#\/schema\/logo\/image\/"}}]}},"_links":{"self":[{"href":"https:\/\/huno-carpinteria.com\/index.php?rest_route=\/wp\/v2\/pages\/1093","targetHints":{"allow":["GET"]}}],"collection":[{"href":"https:\/\/huno-carpinteria.com\/index.php?rest_route=\/wp\/v2\/pages"}],"about":[{"href":"https:\/\/huno-carpinteria.com\/index.php?rest_route=\/wp\/v2\/types\/page"}],"author":[{"embeddable":true,"href":"https:\/\/huno-carpinteria.com\/index.php?rest_route=\/wp\/v2\/users\/1"}],"replies":[{"embeddable":true,"href":"https:\/\/huno-carpinteria.com\/index.php?rest_route=%2Fwp%2Fv2%2Fcomments&post=1093"}],"version-history":[{"count":9,"href":"https:\/\/huno-carpinteria.com\/index.php?rest_route=\/wp\/v2\/pages\/1093\/revisions"}],"predecessor-version":[{"id":1112,"href":"https:\/\/huno-carpinteria.com\/index.php?rest_route=\/wp\/v2\/pages\/1093\/revisions\/1112"}],"wp:attachment":[{"href":"https:\/\/huno-carpinteria.com\/index.php?rest_route=%2Fwp%2Fv2%2Fmedia&parent=1093"}],"curies":[{"name":"wp","href":"https:\/\/api.w.org\/{rel}","templated":true}]}}